{"id":3880,"date":"2025-09-21T18:18:31","date_gmt":"2025-09-21T18:18:31","guid":{"rendered":"https:\/\/cycling365.cc\/avis-legal\/"},"modified":"2026-04-15T14:32:50","modified_gmt":"2026-04-15T14:32:50","slug":"avis-legal","status":"publish","type":"page","link":"https:\/\/cycling365.cc\/ca\/avis-legal\/","title":{"rendered":"Av\u00eds legal"},"content":{"rendered":"\t\t<div data-elementor-type=\"wp-page\" data-elementor-id=\"3880\" class=\"elementor elementor-3880 elementor-1846\" data-elementor-post-type=\"page\">\n\t\t\t\t<div class=\"elementor-element elementor-element-2fd6158c e-con-full e-flex e-con e-parent\" data-id=\"2fd6158c\" data-element_type=\"container\" data-e-type=\"container\" data-settings=\"{&quot;background_background&quot;:&quot;slideshow&quot;,&quot;background_slideshow_gallery&quot;:[{&quot;id&quot;:3879,&quot;url&quot;:&quot;https:\\\/\\\/cycling365.cc\\\/wp-content\\\/uploads\\\/2025\\\/09\\\/Aviso_Legal_Header_Cycling365-scaled.jpg&quot;}],&quot;background_slideshow_loop&quot;:&quot;yes&quot;,&quot;background_slideshow_slide_duration&quot;:5000,&quot;background_slideshow_slide_transition&quot;:&quot;fade&quot;,&quot;background_slideshow_transition_duration&quot;:500}\">\n\t\t\t\t<div class=\"elementor-element elementor-element-43aeec7d elementor-widget__width-inherit animated-fast elementor-invisible elementor-widget elementor-widget-heading\" data-id=\"43aeec7d\" data-element_type=\"widget\" data-e-type=\"widget\" data-settings=\"{&quot;_animation&quot;:&quot;slideInUp&quot;}\" data-widget_type=\"heading.default\">\n\t\t\t\t<div class=\"elementor-widget-container\">\n\t\t\t\t\t<h2 class=\"elementor-heading-title elementor-size-default\">Av\u00eds legal<\/h2>\t\t\t\t<\/div>\n\t\t\t\t<\/div>\n\t\t\t\t<\/div>\n\t\t<div class=\"elementor-element elementor-element-442bb990 e-flex e-con-boxed e-con e-parent\" data-id=\"442bb990\" data-element_type=\"container\" data-e-type=\"container\">\n\t\t\t\t\t<div class=\"e-con-inner\">\n\t\t\t\t<div class=\"elementor-element elementor-element-698d852 elementor-widget elementor-widget-text-editor\" data-id=\"698d852\" data-element_type=\"widget\" data-e-type=\"widget\" data-widget_type=\"text-editor.default\">\n\t\t\t\t<div class=\"elementor-widget-container\">\n\t\t\t\t\t\t\t\t\t\n<p class=\"wp-block-heading\">En compliment del deure d\u2019informaci\u00f3 recollit a la Llei 34\/2002, d\u201911 de juliol, de serveis de la societat de la informaci\u00f3 i del comer\u00e7 electr\u00f2nic (LSSI-CE), s\u2019informa a continuaci\u00f3 de les dades identificatives del titular del lloc web:<\/p>\n<p><\/p>\n<ul class=\"wp-block-list\">\n<li>Titular: Cross Outdoors Sociedad Limitada<\/li>\n\n<li><strong>NIF<\/strong>: B55232086<\/li>\n\n<li>Domicili social: CARRETERA FONTCOBERTA, 13<\/li>\n<\/ul>\n<p><\/p>\n\t\t\t\t\t\t\t\t<\/div>\n\t\t\t\t<\/div>\n\t\t\t\t<div class=\"elementor-element elementor-element-54d779a7 elementor-widget elementor-widget-text-editor\" data-id=\"54d779a7\" data-element_type=\"widget\" data-e-type=\"widget\" data-widget_type=\"text-editor.default\">\n\t\t\t\t<div class=\"elementor-widget-container\">\n\t\t\t\t\t\t\t\t\t<h4 class=\"wp-block-heading\"><strong>Objecte<\/strong><\/h4>\n<p><\/p>\n<p>Aquest lloc web t\u00e9 per objecte proporcionar informaci\u00f3 sobre els productes i serveis oferts per Cross Outdoors Sociedad Limitada.<\/p>\n<p><\/p>\n<p>L\u2019acc\u00e9s i\/o \u00fas d\u2019aquest lloc web atribueix la condici\u00f3 d\u2019usuari, que accepta, des d\u2019aquest acc\u00e9s i\/o \u00fas, les condicions generals d\u2019\u00fas aqu\u00ed reflectides. Aquestes condicions s\u2019aplicaran independentment de les condicions generals de contractaci\u00f3 que, si escau, siguin de compliment obligat. <\/p>\t\t\t\t\t\t\t\t<\/div>\n\t\t\t\t<\/div>\n\t\t\t\t<div class=\"elementor-element elementor-element-974587e elementor-widget elementor-widget-text-editor\" data-id=\"974587e\" data-element_type=\"widget\" data-e-type=\"widget\" data-widget_type=\"text-editor.default\">\n\t\t\t\t<div class=\"elementor-widget-container\">\n\t\t\t\t\t\t\t\t\t\n<p><\/p>\n<h4 class=\"wp-block-heading\"><strong>Propietat intel\u00b7lectual i industrial<\/strong><\/h4>\n<p><\/p>\n<p>Tots els continguts del lloc web (textos, imatges, marques, logotips, arxius d\u2019\u00e0udio o v\u00eddeo, estructura i disseny, etc.) s\u00f3n titularitat exclusiva de Cross Outdoors Sociedad Limitada o de tercers que n\u2019han autoritzat l\u2019\u00fas, i estan protegits per la normativa vigent en mat\u00e8ria de propietat intel\u00b7lectual i industrial.<\/p>\n<p><\/p>\n<p>Queda expresamente prohibida la reproducci\u00f3n, distribuci\u00f3n o transformaci\u00f3n de dichos contenidos sin la autorizaci\u00f3n previa y por escrito del titular.<\/p>\n\t\t\t\t\t\t\t\t<\/div>\n\t\t\t\t<\/div>\n\t\t\t\t<div class=\"elementor-element elementor-element-e0f7e9f elementor-widget elementor-widget-text-editor\" data-id=\"e0f7e9f\" data-element_type=\"widget\" data-e-type=\"widget\" data-widget_type=\"text-editor.default\">\n\t\t\t\t<div class=\"elementor-widget-container\">\n\t\t\t\t\t\t\t\t\t\n<p><\/p>\n<h4 class=\"wp-block-heading\"><strong>Responsabilitat<\/strong><\/h4>\n<p><\/p>\n<p>Cross Outdoors Sociedad Limitada no es fa responsable dels danys o perjudicis derivats de l\u2019\u00fas del lloc web, ni dels continguts que s\u2019hi inclouen, ni del mal funcionament t\u00e8cnic, errors o omissions en la informaci\u00f3 oferta.<\/p>\n\t\t\t\t\t\t\t\t<\/div>\n\t\t\t\t<\/div>\n\t\t\t\t<div class=\"elementor-element elementor-element-6d7967d elementor-widget elementor-widget-text-editor\" data-id=\"6d7967d\" data-element_type=\"widget\" data-e-type=\"widget\" data-widget_type=\"text-editor.default\">\n\t\t\t\t<div class=\"elementor-widget-container\">\n\t\t\t\t\t\t\t\t\t\n<p><\/p>\n<h4 class=\"wp-block-heading\"><strong>Enlla\u00e7os externs<\/strong><\/h4>\n<p><\/p>\n<p>Aquest lloc web pot contenir enlla\u00e7os a llocs web de tercers. Cross Outdoors Sociedad Limitada no es responsabilitza del contingut, les pol\u00edtiques de privacitat o les pr\u00e0ctiques d\u2019aquests llocs web externs. <\/p>\n<p><\/p>\n\t\t\t\t\t\t\t\t<\/div>\n\t\t\t\t<\/div>\n\t\t\t\t<div class=\"elementor-element elementor-element-4c39e57 elementor-widget elementor-widget-text-editor\" data-id=\"4c39e57\" data-element_type=\"widget\" data-e-type=\"widget\" data-widget_type=\"text-editor.default\">\n\t\t\t\t<div class=\"elementor-widget-container\">\n\t\t\t\t\t\t\t\t\t\n<h4 class=\"wp-block-heading\"><strong>Protecci\u00f3 de dades<\/strong><\/h4>\n<p><\/p>\n<p>Cross Outdoors Sociedad Limitada compleix la normativa vigent en mat\u00e8ria de protecci\u00f3 de dades personals. Pots consultar la nostra Pol\u00edtica de Privacitat per obtenir informaci\u00f3 detallada sobre com es recullen i es tracten les dades personals. <\/p>\n<p><\/p>\n\t\t\t\t\t\t\t\t<\/div>\n\t\t\t\t<\/div>\n\t\t\t\t<div class=\"elementor-element elementor-element-cab297f elementor-widget elementor-widget-text-editor\" data-id=\"cab297f\" data-element_type=\"widget\" data-e-type=\"widget\" data-widget_type=\"text-editor.default\">\n\t\t\t\t<div class=\"elementor-widget-container\">\n\t\t\t\t\t\t\t\t\t\n<h4 class=\"wp-block-heading\"><strong>Legislaci\u00f3 aplicable<\/strong><\/h4>\n<p><\/p>\n<p>Aquest Av\u00eds Legal es regeix \u00edntegrament per la legislaci\u00f3 espanyola. Per a qualsevol controv\u00e8rsia que pugui derivar-se de l\u2019acc\u00e9s o l\u2019\u00fas del lloc web, les parts se sotmeten expressament als Jutjats i Tribunals de Girona, amb ren\u00fancia expressa a qualsevol altre fur que els pogu\u00e9s correspondre. <\/p>\n\t\t\t\t\t\t\t\t<\/div>\n\t\t\t\t<\/div>\n\t\t\t\t\t<\/div>\n\t\t\t\t<\/div>\n\t\t\t\t<\/div>\n\t\t","protected":false},"excerpt":{"rendered":"<p>Av\u00eds legal En compliment del deure d\u2019informaci\u00f3 recollit a la Llei 34\/2002, d\u201911 de juliol, de serveis de la societat de la informaci\u00f3 i del comer\u00e7 electr\u00f2nic (LSSI-CE), s\u2019informa a continuaci\u00f3 de les dades identificatives del titular del lloc web: Titular: Cross Outdoors Sociedad Limitada NIF: B55232086 Domicili social: CARRETERA FONTCOBERTA, 13 Objecte Aquest lloc [&hellip;]<\/p>\n","protected":false},"author":2,"featured_media":0,"parent":0,"menu_order":0,"comment_status":"closed","ping_status":"closed","template":"","meta":{"inline_featured_image":false,"footnotes":""},"class_list":["post-3880","page","type-page","status-publish","hentry"],"yoast_head":"<!-- This site is optimized with the Yoast SEO plugin v27.4 - https:\/\/yoast.com\/product\/yoast-seo-wordpress\/ -->\n<title>Av\u00eds legal &#8211; Cycling365<\/title>\n<meta name=\"robots\" content=\"noindex, nofollow\" \/>\n<meta property=\"og:locale\" content=\"ca_ES\" \/>\n<meta property=\"og:type\" content=\"article\" \/>\n<meta property=\"og:title\" content=\"Av\u00eds legal &#8211; Cycling365\" \/>\n<meta property=\"og:description\" content=\"Av\u00eds legal En compliment del deure d\u2019informaci\u00f3 recollit a la Llei 34\/2002, d\u201911 de juliol, de serveis de la societat de la informaci\u00f3 i del comer\u00e7 electr\u00f2nic (LSSI-CE), s\u2019informa a continuaci\u00f3 de les dades identificatives del titular del lloc web: Titular: Cross Outdoors Sociedad Limitada NIF: B55232086 Domicili social: CARRETERA FONTCOBERTA, 13 Objecte Aquest lloc [&hellip;]\" \/>\n<meta property=\"og:url\" content=\"https:\/\/cycling365.cc\/ca\/avis-legal\/\" \/>\n<meta property=\"og:site_name\" content=\"Cycling365\" \/>\n<meta property=\"article:modified_time\" content=\"2026-04-15T14:32:50+00:00\" \/>\n<meta name=\"twitter:card\" content=\"summary_large_image\" \/>\n<meta name=\"twitter:label1\" content=\"Temps estimat de lectura\" \/>\n\t<meta name=\"twitter:data1\" content=\"2 minuts\" \/>\n<script type=\"application\/ld+json\" class=\"yoast-schema-graph\">{\"@context\":\"https:\\\/\\\/schema.org\",\"@graph\":[{\"@type\":\"WebPage\",\"@id\":\"https:\\\/\\\/cycling365.cc\\\/ca\\\/avis-legal\\\/\",\"url\":\"https:\\\/\\\/cycling365.cc\\\/ca\\\/avis-legal\\\/\",\"name\":\"Av\u00eds legal &#8211; Cycling365\",\"isPartOf\":{\"@id\":\"https:\\\/\\\/cycling365.cc\\\/ca\\\/#website\"},\"datePublished\":\"2025-09-21T18:18:31+00:00\",\"dateModified\":\"2026-04-15T14:32:50+00:00\",\"breadcrumb\":{\"@id\":\"https:\\\/\\\/cycling365.cc\\\/ca\\\/avis-legal\\\/#breadcrumb\"},\"inLanguage\":\"ca\",\"potentialAction\":[{\"@type\":\"ReadAction\",\"target\":[\"https:\\\/\\\/cycling365.cc\\\/ca\\\/avis-legal\\\/\"]}]},{\"@type\":\"BreadcrumbList\",\"@id\":\"https:\\\/\\\/cycling365.cc\\\/ca\\\/avis-legal\\\/#breadcrumb\",\"itemListElement\":[{\"@type\":\"ListItem\",\"position\":1,\"name\":\"Inici\",\"item\":\"https:\\\/\\\/cycling365.cc\\\/ca\\\/inici\\\/\"},{\"@type\":\"ListItem\",\"position\":2,\"name\":\"Av\u00eds legal\"}]},{\"@type\":\"WebSite\",\"@id\":\"https:\\\/\\\/cycling365.cc\\\/ca\\\/#website\",\"url\":\"https:\\\/\\\/cycling365.cc\\\/ca\\\/\",\"name\":\"Cycling365\",\"description\":\"Your Pace. Your Path.\",\"publisher\":{\"@id\":\"https:\\\/\\\/cycling365.cc\\\/ca\\\/#organization\"},\"potentialAction\":[{\"@type\":\"SearchAction\",\"target\":{\"@type\":\"EntryPoint\",\"urlTemplate\":\"https:\\\/\\\/cycling365.cc\\\/ca\\\/?s={search_term_string}\"},\"query-input\":{\"@type\":\"PropertyValueSpecification\",\"valueRequired\":true,\"valueName\":\"search_term_string\"}}],\"inLanguage\":\"ca\"},{\"@type\":\"Organization\",\"@id\":\"https:\\\/\\\/cycling365.cc\\\/ca\\\/#organization\",\"name\":\"Cross Outdoors S.L.\",\"alternateName\":\"Cross Outdoors\",\"url\":\"https:\\\/\\\/cycling365.cc\\\/ca\\\/\",\"logo\":{\"@type\":\"ImageObject\",\"inLanguage\":\"ca\",\"@id\":\"https:\\\/\\\/cycling365.cc\\\/ca\\\/#\\\/schema\\\/logo\\\/image\\\/\",\"url\":\"https:\\\/\\\/cycling365.cc\\\/wp-content\\\/uploads\\\/2025\\\/09\\\/Cycling365_Logotip_Negatiu_White.svg\",\"contentUrl\":\"https:\\\/\\\/cycling365.cc\\\/wp-content\\\/uploads\\\/2025\\\/09\\\/Cycling365_Logotip_Negatiu_White.svg\",\"width\":400,\"height\":64,\"caption\":\"Cross Outdoors S.L.\"},\"image\":{\"@id\":\"https:\\\/\\\/cycling365.cc\\\/ca\\\/#\\\/schema\\\/logo\\\/image\\\/\"},\"sameAs\":[\"https:\\\/\\\/www.instagram.com\\\/cycling365.cc\"]}]}<\/script>\n<!-- \/ Yoast SEO plugin. -->","yoast_head_json":{"title":"Av\u00eds legal &#8211; Cycling365","robots":{"index":"noindex","follow":"nofollow"},"og_locale":"ca_ES","og_type":"article","og_title":"Av\u00eds legal &#8211; Cycling365","og_description":"Av\u00eds legal En compliment del deure d\u2019informaci\u00f3 recollit a la Llei 34\/2002, d\u201911 de juliol, de serveis de la societat de la informaci\u00f3 i del comer\u00e7 electr\u00f2nic (LSSI-CE), s\u2019informa a continuaci\u00f3 de les dades identificatives del titular del lloc web: Titular: Cross Outdoors Sociedad Limitada NIF: B55232086 Domicili social: CARRETERA FONTCOBERTA, 13 Objecte Aquest lloc [&hellip;]","og_url":"https:\/\/cycling365.cc\/ca\/avis-legal\/","og_site_name":"Cycling365","article_modified_time":"2026-04-15T14:32:50+00:00","twitter_card":"summary_large_image","twitter_misc":{"Temps estimat de lectura":"2 minuts"},"schema":{"@context":"https:\/\/schema.org","@graph":[{"@type":"WebPage","@id":"https:\/\/cycling365.cc\/ca\/avis-legal\/","url":"https:\/\/cycling365.cc\/ca\/avis-legal\/","name":"Av\u00eds legal &#8211; Cycling365","isPartOf":{"@id":"https:\/\/cycling365.cc\/ca\/#website"},"datePublished":"2025-09-21T18:18:31+00:00","dateModified":"2026-04-15T14:32:50+00:00","breadcrumb":{"@id":"https:\/\/cycling365.cc\/ca\/avis-legal\/#breadcrumb"},"inLanguage":"ca","potentialAction":[{"@type":"ReadAction","target":["https:\/\/cycling365.cc\/ca\/avis-legal\/"]}]},{"@type":"BreadcrumbList","@id":"https:\/\/cycling365.cc\/ca\/avis-legal\/#breadcrumb","itemListElement":[{"@type":"ListItem","position":1,"name":"Inici","item":"https:\/\/cycling365.cc\/ca\/inici\/"},{"@type":"ListItem","position":2,"name":"Av\u00eds legal"}]},{"@type":"WebSite","@id":"https:\/\/cycling365.cc\/ca\/#website","url":"https:\/\/cycling365.cc\/ca\/","name":"Cycling365","description":"Your Pace. Your Path.","publisher":{"@id":"https:\/\/cycling365.cc\/ca\/#organization"},"potentialAction":[{"@type":"SearchAction","target":{"@type":"EntryPoint","urlTemplate":"https:\/\/cycling365.cc\/ca\/?s={search_term_string}"},"query-input":{"@type":"PropertyValueSpecification","valueRequired":true,"valueName":"search_term_string"}}],"inLanguage":"ca"},{"@type":"Organization","@id":"https:\/\/cycling365.cc\/ca\/#organization","name":"Cross Outdoors S.L.","alternateName":"Cross Outdoors","url":"https:\/\/cycling365.cc\/ca\/","logo":{"@type":"ImageObject","inLanguage":"ca","@id":"https:\/\/cycling365.cc\/ca\/#\/schema\/logo\/image\/","url":"https:\/\/cycling365.cc\/wp-content\/uploads\/2025\/09\/Cycling365_Logotip_Negatiu_White.svg","contentUrl":"https:\/\/cycling365.cc\/wp-content\/uploads\/2025\/09\/Cycling365_Logotip_Negatiu_White.svg","width":400,"height":64,"caption":"Cross Outdoors S.L."},"image":{"@id":"https:\/\/cycling365.cc\/ca\/#\/schema\/logo\/image\/"},"sameAs":["https:\/\/www.instagram.com\/cycling365.cc"]}]}},"_links":{"self":[{"href":"https:\/\/cycling365.cc\/ca\/wp-json\/wp\/v2\/pages\/3880","targetHints":{"allow":["GET"]}}],"collection":[{"href":"https:\/\/cycling365.cc\/ca\/wp-json\/wp\/v2\/pages"}],"about":[{"href":"https:\/\/cycling365.cc\/ca\/wp-json\/wp\/v2\/types\/page"}],"author":[{"embeddable":true,"href":"https:\/\/cycling365.cc\/ca\/wp-json\/wp\/v2\/users\/2"}],"replies":[{"embeddable":true,"href":"https:\/\/cycling365.cc\/ca\/wp-json\/wp\/v2\/comments?post=3880"}],"version-history":[{"count":7,"href":"https:\/\/cycling365.cc\/ca\/wp-json\/wp\/v2\/pages\/3880\/revisions"}],"predecessor-version":[{"id":4000,"href":"https:\/\/cycling365.cc\/ca\/wp-json\/wp\/v2\/pages\/3880\/revisions\/4000"}],"wp:attachment":[{"href":"https:\/\/cycling365.cc\/ca\/wp-json\/wp\/v2\/media?parent=3880"}],"curies":[{"name":"wp","href":"https:\/\/api.w.org\/{rel}","templated":true}]}}